{"id":68,"date":"2014-03-26T21:52:43","date_gmt":"2014-03-26T19:52:43","guid":{"rendered":"http:\/\/www.varcom.de\/?page_id=68"},"modified":"2017-11-15T18:47:23","modified_gmt":"2017-11-15T16:47:23","slug":"herzlich-willkommen-beim-vrcom-senior-experten-service","status":"publish","type":"page","link":"http:\/\/www.varcom.de\/?page_id=68","title":{"rendered":"Herzlich Willkommen beim V@rcom Senior Experten Service"},"content":{"rendered":"<p> Sie suchen Experten f\u00fcr Ihre betrieblichen oder beruflichen Anliegen?<\/p>\n<p>Dann wenden Sie sich an uns, kompetente Senior-Experten m\u00f6chten ihre langj\u00e4hrige Berufs- und Lebenserfahrung f\u00fcr Sie und Ihren Erfolg einbringen.<\/p>\n<p>Ob im Beruf, in Ihrem Betrieb oder privat, wir bieten Ihnen professionelle, individuelle und kosteng\u00fcnstige L\u00f6sungen.<\/p>\n<p>Schnelle und unb\u00fcrokratische Unterst\u00fctzung in ist unser Ziel und Wissensweitergabe und Erfolg steht f\u00fcr uns im Vordergrund.<\/p>\n<p>Nutzen Sie unser Expertenwissen und kontaktieren Sie uns, wir sind f\u00fcr Sie da!<\/p>\n","protected":false},"excerpt":{"rendered":"<p>Sie suchen Experten f\u00fcr Ihre betrieblichen oder beruflichen Anliegen? Dann wenden Sie sich an uns, kompetente Senior-Experten m\u00f6chten ihre langj\u00e4hrige Berufs- und Lebenserfahrung f\u00fcr Sie und Ihren Erfolg einbringen. Ob im Beruf, in Ihrem Betrieb oder privat, wir bieten Ihnen professionelle, individuelle und kosteng\u00fcnstige L\u00f6sungen. Schnelle und unb\u00fcrokratische Unterst\u00fctzung in ist unser Ziel und Wissensweitergabe [&hellip;]<\/p>\n","protected":false},"author":1,"featured_media":0,"parent":0,"menu_order":0,"comment_status":"closed","ping_status":"closed","template":"","meta":{"ngg_post_thumbnail":0},"_links":{"self":[{"href":"http:\/\/www.varcom.de\/index.php?rest_route=\/wp\/v2\/pages\/68"}],"collection":[{"href":"http:\/\/www.varcom.de\/index.php?rest_route=\/wp\/v2\/pages"}],"about":[{"href":"http:\/\/www.varcom.de\/index.php?rest_route=\/wp\/v2\/types\/page"}],"author":[{"embeddable":true,"href":"http:\/\/www.varcom.de\/index.php?rest_route=\/wp\/v2\/users\/1"}],"replies":[{"embeddable":true,"href":"http:\/\/www.varcom.de\/index.php?rest_route=%2Fwp%2Fv2%2Fcomments&post=68"}],"version-history":[{"count":7,"href":"http:\/\/www.varcom.de\/index.php?rest_route=\/wp\/v2\/pages\/68\/revisions"}],"predecessor-version":[{"id":403,"href":"http:\/\/www.varcom.de\/index.php?rest_route=\/wp\/v2\/pages\/68\/revisions\/403"}],"wp:attachment":[{"href":"http:\/\/www.varcom.de\/index.php?rest_route=%2Fwp%2Fv2%2Fmedia&parent=68"}],"curies":[{"name":"wp","href":"https:\/\/api.w.org\/{rel}","templated":true}]}}