{"id":63,"date":"2014-03-26T21:18:44","date_gmt":"2014-03-26T19:18:44","guid":{"rendered":"http:\/\/www.varcom.de\/?page_id=63"},"modified":"2014-10-05T13:51:16","modified_gmt":"2014-10-05T11:51:16","slug":"aus-und-weiterbildung-und-personalentwicklung","status":"publish","type":"page","link":"http:\/\/www.varcom.de\/?page_id=63","title":{"rendered":"Aus- und Weiterbildung und Personalentwicklung"},"content":{"rendered":"<div id=\"attachment_47\" style=\"width: 310px\" class=\"wp-caption alignnone\"><a href=\"http:\/\/www.varcom.de\/wp-content\/uploads\/2014\/03\/12913022_m.jpg\"><img aria-describedby=\"caption-attachment-47\" decoding=\"async\" loading=\"lazy\" class=\"size-medium wp-image-47\" src=\"http:\/\/www.varcom.de\/wp-content\/uploads\/2014\/03\/12913022_m-300x199.jpg\" alt=\"Aus- und Weiterbildung mit System\" width=\"300\" height=\"199\" srcset=\"http:\/\/www.varcom.de\/wp-content\/uploads\/2014\/03\/12913022_m-300x199.jpg 300w, http:\/\/www.varcom.de\/wp-content\/uploads\/2014\/03\/12913022_m.jpg 848w\" sizes=\"(max-width: 300px) 100vw, 300px\" \/><\/a><p id=\"caption-attachment-47\" class=\"wp-caption-text\">Aus- und Weiterbildung mit System<\/p><\/div>\n<h4><\/h4>\n<h4><span style=\"color: #ff0000;\"><strong>Nutzen Sie unsere Kompetenz und Erfahrung im Bereich Aus- und Weiterbildung und Personalentwicklung<\/strong><\/span><\/h4>\n<p>&nbsp;<\/p>\n<p><strong>Ausbildungsberatung und -management<\/strong><\/p>\n<ul>\n<li>Analyse Ihrer Ausbildungsm\u00f6glichkeiten<\/li>\n<li>Auswahlkriterien und \u2013gespr\u00e4che<\/li>\n<li>Hilfestellung bei Problemen mit Auszubildenden<\/li>\n<\/ul>\n<p>&nbsp;<\/p>\n<p><strong>Ausbildungskonzepte<\/strong><\/p>\n<ul>\n<li>Erfolgreich Ausbilden mit System<\/li>\n<li>Methodik und Didaktik<\/li>\n<\/ul>\n<p>&nbsp;<\/p>\n<p><strong>Ausbildungsprojekte<\/strong><\/p>\n<ul>\n<li>Handlungskompetenz st\u00e4rken mit Azubi-Projekten<\/li>\n<\/ul>\n<ul>\n<li>Technische- kaufm\u00e4nnische und soziale Projekte<\/li>\n<\/ul>\n<p>&nbsp;<\/p>\n<p><strong>Reflexionsgespr\u00e4che und Konfliktmanagement<\/strong><\/p>\n<ul>\n<li>Bewusst und motiviert lernen<\/li>\n<li>Lernhindernisse selbst erkennen und beseitigen<\/li>\n<li>Konflikte kl\u00e4ren, Streit schlichten<\/li>\n<\/ul>\n<p>&nbsp;<\/p>\n<p><strong>Personalentwicklun<\/strong>g<\/p>\n<ul>\n<li>Wo stehe ich, wo m\u00f6chte ich hin und was muss ich daf\u00fcr tun?<\/li>\n<li>Love it, change it or leave it<\/li>\n<li>Pr\u00e4sentationstechniken und \u2013training<\/li>\n<li>Das eigene \u00e4u\u00dfere Erscheinungsbild<\/li>\n<li>Arbeiten im Team<\/li>\n<li>Diverse andere Bausteine<\/li>\n<\/ul>\n<p>&nbsp;<\/p>\n<p><strong>\u201eTalent to Business<\/strong>\u201c<\/p>\n<ul>\n<li>Workshop: Eigene Talente entdeckem und damit erfolgreich Geld verdienen<\/li>\n<\/ul>\n<p>&nbsp;<\/p>\n<p>&nbsp;<\/p>\n<p><span style=\"color: #ff0000;\"><strong>Individuelle Angebote f\u00fcr jede Branche, fragen Sie nach.<\/strong><\/span><\/p>\n<p>&nbsp;<\/p>\n","protected":false},"excerpt":{"rendered":"<p>Nutzen Sie unsere Kompetenz und Erfahrung im Bereich Aus- und Weiterbildung und Personalentwicklung &nbsp; Ausbildungsberatung und -management Analyse Ihrer Ausbildungsm\u00f6glichkeiten Auswahlkriterien und \u2013gespr\u00e4che Hilfestellung bei Problemen mit Auszubildenden &nbsp; Ausbildungskonzepte Erfolgreich Ausbilden mit System Methodik und Didaktik &nbsp; Ausbildungsprojekte Handlungskompetenz st\u00e4rken mit Azubi-Projekten Technische- kaufm\u00e4nnische und soziale Projekte &nbsp; Reflexionsgespr\u00e4che und Konfliktmanagement Bewusst und motiviert [&hellip;]<\/p>\n","protected":false},"author":1,"featured_media":47,"parent":0,"menu_order":0,"comment_status":"closed","ping_status":"closed","template":"","meta":{"ngg_post_thumbnail":0},"_links":{"self":[{"href":"http:\/\/www.varcom.de\/index.php?rest_route=\/wp\/v2\/pages\/63"}],"collection":[{"href":"http:\/\/www.varcom.de\/index.php?rest_route=\/wp\/v2\/pages"}],"about":[{"href":"http:\/\/www.varcom.de\/index.php?rest_route=\/wp\/v2\/types\/page"}],"author":[{"embeddable":true,"href":"http:\/\/www.varcom.de\/index.php?rest_route=\/wp\/v2\/users\/1"}],"replies":[{"embeddable":true,"href":"http:\/\/www.varcom.de\/index.php?rest_route=%2Fwp%2Fv2%2Fcomments&post=63"}],"version-history":[{"count":4,"href":"http:\/\/www.varcom.de\/index.php?rest_route=\/wp\/v2\/pages\/63\/revisions"}],"predecessor-version":[{"id":219,"href":"http:\/\/www.varcom.de\/index.php?rest_route=\/wp\/v2\/pages\/63\/revisions\/219"}],"wp:featuredmedia":[{"embeddable":true,"href":"http:\/\/www.varcom.de\/index.php?rest_route=\/wp\/v2\/media\/47"}],"wp:attachment":[{"href":"http:\/\/www.varcom.de\/index.php?rest_route=%2Fwp%2Fv2%2Fmedia&parent=63"}],"curies":[{"name":"wp","href":"https:\/\/api.w.org\/{rel}","templated":true}]}}